{"id":7,"date":"2012-11-13T12:25:37","date_gmt":"2012-11-13T11:25:37","guid":{"rendered":"http:\/\/claireglorieux.com\/?page_id=7"},"modified":"2020-05-02T12:53:58","modified_gmt":"2020-05-02T11:53:58","slug":"biographie","status":"publish","type":"page","link":"https:\/\/claireglorieux.com\/wordpress\/biographie\/","title":{"rendered":""},"content":{"rendered":"<p>N\u00e9e en 1983<br \/>\nVit et travaille \u00e0 Paris<\/p>\n<p>Artiste plasticienne dipl\u00f4m\u00e9e de l&rsquo;\u00e9cole Nationale Sup\u00e9rieure des Beaux Arts de Paris et du Fresnoy, Claire Glorieux travaille principalement la vid\u00e9o, s&rsquo;int\u00e9ressant particuli\u00e8rement au langage. L&rsquo;autisme, le langage siffl\u00e9 ou non verbal, sont autant de sujets qui l&rsquo;ont pouss\u00e9e \u00e0 cr\u00e9er des vid\u00e9os, des livres, des installations.<\/p>\n<p>Elle a montr\u00e9 son travail au Centre Pompidou et \u00e0 B\u00e9tonsalon \u00e0 Paris, \u00e0 la Villa Arson \u00e0 Nice, aux Subsistances \u00e0 Lyon, ou encore au Salon de Montrouge. Ses films ont \u00e9t\u00e9 diffus\u00e9s dans plusieurs lieux ou festivals dont les Ecrans Documentaires \u00e0 Arcueil, l&rsquo;IAC de Villeurbanne, la galerie Primo Piano \u00e0 Paris, le mus\u00e9e Reina Sofia \u00e0 Madrid, Trafic\/Home cin\u00e9ma \u00e0 Lausanne, Traces de Vie \u00e0 Clermont-Ferrant, le FIFE \u00e0 Paris ou le Dokfest \u00e0 Kassel.<\/p>\n<p>Elle b\u00e9n\u00e9ficie de diff\u00e9rents temps de r\u00e9sidence de cr\u00e9ation \u00e0 Huesca en Espagne, \u00e0 Villers-sur-Port en lien avec le Frac Franche-Comt\u00e9, sur l&rsquo;\u00eele de la Gomera gr\u00e2ce \u00e0 une bourse de la Casa de Velasquez et de diff\u00e9rentes r\u00e9sidences-mission avec des publics scolaires dans le Nord ou en Charente-Maritime.<\/p>\n<p>Elle collabore avec diff\u00e9rents collectifs ou compagnies comme la Compagnie de danse Nadja, le Groupe Laps ou la compagnie de th\u00e9\u00e2tre Sugar Baby pour qui elle a con\u00e7u des d\u00e9cors vid\u00e9o.<\/p>\n<p>Elle anime des ateliers et workshop aupr\u00e8s de diff\u00e9rents publics (Palais de Tokyo avec des\u00a0 la PJJ ou le Palais de la Femme,\u00a0Maison Populaire de Montreuil, Mus\u00e9e de l&rsquo;Histoire de l&rsquo;Immigration, Louvre).<\/p>\n<p>EXPOSITIONS COLLECTIVES, FESTIVALS<br \/>\n2020 : Projection au <a href=\"http:\/\/www.centredufilmsurlart.com\/\" target=\"_blank\">Centre du Film sur l\u2019Art<\/a>, Bruxelles<br \/>\n2019 : <a href=\"https:\/\/www.centrepompidou.fr\/cpv\/ressource.action?param.id=FR_R-b523b3c1a49c4343d1fe8a0351f9d&amp;param.idSource=FR_E-b523b3c1a49c4343d1fe8a0351f9d\" target=\"_blank\">INOUI<\/a>, Studio 13-16, Centre Pompidou<br \/>\n2019 : Mosa\u00efque des lexiques, Laboratoires d\u2019Aubervilliers<br \/>\n2019 : Table ronde et projections \u00e0 l&rsquo;<a href=\"https:\/\/iselp.be\/fr\" target=\"_blank\">ISELP<\/a> dans le cadre de l&rsquo;exposition Babel, \u00e0 Bruxelles<br \/>\n2018 : Projection au cin\u00e9ma le Zola, organis\u00e9 par l\u2019Institut d\u2019Art Contemporain, Villeurbanne<br \/>\n2018 : Projection dans une programmation vid\u00e9o \u00e0 Jeune Cr\u00e9ation<br \/>\n2015 : \u201cL\u2019ivresse des hauteurs\u201d, table ronde dans le cadre de l\u2019exposition \u201cL\u00e0-haut\u201d, La Graineterie, Houilles<br \/>\n2014 : Projection de <em>Quiero hablar con los que estan lejos<\/em> au <a href=\"http:\/\/fife.iledefrance.fr\/\" target=\"_blank\">FIFE<\/a><br \/>\n2013 : <a href=\"http:\/\/www.trafic.li\/home-cinema.php#hc-6-13\" target=\"_blank\">Home Cin\u00e9ma 6.13<\/a>, Lausanne, Suisse<br \/>\n2013 : Exposition \u201cOuvertures, logement social et art contemporain\u201d \u00e0 la Mairie du XIe arr. de Paris<br \/>\n2013 : Soir\u00e9e projection \u00e0 la <a href=\"http:\/\/primopiano.fr\/frhome.html\" target=\"_blank\">galerie Primo Piano<\/a>, Paris<br \/>\n2012 : Projection de <em>Quiero hablar con los que estan lejos<\/em> dans la programmation <a title=\"museo reina sofia\" href=\"http:\/\/www.museoreinasofia.es\/programas-publicos\/centro-estudios\/actividades\/zona-investigacion-abierta-subtramas.html\" target=\"_blank\">Zona de Investigacion Abierta Subtramas, Mus\u00e9e Reina Sofia<\/a> (Madrid)<br \/>\n2012 : Festivals <a title=\"kasseler dokfest\" href=\"http:\/\/www.kasselerdokfest.de\/en\/news\/\" target=\"_blank\">Dokfest de Kassel<\/a> (Allemagne) et <a title=\"traces de vies\" href=\"http:\/\/www.tdv.itsra.net\/\" target=\"_blank\">Traces de Vies<\/a> (Clermont-Ferrand)<br \/>\n2012 : Projection au <a title=\"le safran\" href=\"http:\/\/amiens.fr\/votre_vie_quotidienne\/vie_culturelle\/le_safran.html\" target=\"_blank\">Safran<\/a>, Amiens<br \/>\n2011 : <a title=\"salon de montrouge\" href=\"http:\/\/www.salondemontrouge.fr\/index.php\/2011-10-11-15-02-16\/2-uncategorised\/3051-la-56eme-edition-du-salon-de-montrouge\" target=\"_blank\">56\u00e8me Salon de Montrouge<\/a><br \/>\n2010 : Panorama de la jeune cr\u00e9ation, <a title=\"5\u00e8me biennale de bourges\" href=\"http:\/\/www.biennale-bourges.fr\/catalogue\/2010.pdf\" target=\"_blank\">5\u00e8me biennale d\u2019art contemporain de Bourges<\/a><br \/>\n2010 : <a title=\"cabinet de curiosit\u00e9s sonores\" href=\"http:\/\/www.culture.lyon.fr\/culture\/sections\/fr\/imaginez_maintenant\/contribution\/ouie__curieux_sens\" target=\"_blank\">Cabinet de Curiosit\u00e9s Sonores<\/a>, <a title=\"les subsistances\" href=\"http:\/\/www.les-subs.com\/\" target=\"_blank\">les Subsistances<\/a>, Lyon<br \/>\n2010 : Festival Okuparte, Huesca, Espagne<br \/>\n2010 : Home Cin\u00e9ma 4.10, Lausanne, Suisse<br \/>\n2010 : <a title=\"double bind\" href=\"http:\/\/archives.villa-arson.org\/communique-de-presse\/2010DOUB_CP_FR,Double%2BBind,Arr%25C3%25AAtez%2Bd%2527essayer%2Bde%2Bme%2Bcomprendre%2B%2521\" target=\"_blank\">Double Bind, Villa Arson<\/a>, commissaire Eric Mangion<br \/>\n2009 : 27th Kassel Documentary Film and Video Festival (Allemagne)<br \/>\n2009 : <a title=\"panorama 11\" href=\"http:\/\/www.panorama11.net\/\" target=\"_blank\">Panorama_11<\/a> , le Fresnoy, commissaire R\u00e9gis Durand<br \/>\n2009 : Festival de l\u2019Acharni\u00e8re, Lille<br \/>\n2009 : Vid\u00e9oth\u00e8que Eph\u00e9m\u00e8re de <a title=\"videoformes\" href=\"http:\/\/www.videoformes-fest.com\/\" target=\"_blank\">Vid\u00e9oformes<\/a>, Clermont-Ferrand<br \/>\n2009 : Soir\u00e9e \u00ab\u00a0\u00e7a nous parle\u00a0\u00bb, diffusion de vid\u00e9os \u00e0 <a title=\"b\u00e9tonsalon\" href=\"http:\/\/www.betonsalon.net\/spip.php?article136\" target=\"_blank\">B\u00e9tonsalon<\/a>, Paris<br \/>\n2008 : Festival des <a title=\"les \u00e9crans documentaires\" href=\"http:\/\/www.lesecransdocumentaires.org\/\" target=\"_blank\">Ecrans documentaires, Arcueil<\/a><br \/>\n2008 : <a title=\"panorama 9\" href=\"http:\/\/panorama9.net\/\" target=\"_blank\">Panorama 9_10<\/a>, le Fresnoy, commissaire Bernard Blist\u00e8ne<br \/>\n2008 : <a title=\"dix sept en z\u00e9ro sept\" href=\"http:\/\/www.paris-art.com\/marche-art\/Dix-7%20en%20Z%C3%A9ro-7\/Dix-7%20en%20Z%C3%A9ro-7\/6020.html\" target=\"_blank\">Dix-sept en zero-sept<\/a>, commissaire Laurent Busine<br \/>\n2007 : Projection de la video <em>\u00eele son<\/em> dans le cadre de l\u2019exposition collective <a title=\"pression \u00e0 froid\" href=\"http:\/\/www.refectoire-cordeliers.paris-sorbonne.fr\/manifestations\/view_archives\/19\" target=\"_blank\">\u201cPression \u00e0 froid\u201d<\/a> au R\u00e9fectoire des Corderliers, Paris<\/p>\n<p>BOURSES \/ RESIDENCES<br \/>\n2019 : Bourse \u00ab images diff\u00e9rentes \u00bb, Maison de l\u2019image Basse-Normandie, pour \u00ab Zou \u00bb<br \/>\n2017 : Aide \u00e0 l&rsquo;\u00e9criture d&rsquo;un film documentaire de cr\u00e9ation pour \u00ab\u00a0L\u2019homme qui marche\u00a0\u00bb, CNC<br \/>\n2016 : Aide \u00e0 l\u2019\u00e9criture d\u2019un film documentaire de cr\u00e9ation pour \u00ab\u00a0L\u2019homme qui marche\u00a0\u00bb, Pictanovo<br \/>\n2013 : R\u00e9sidence de cr\u00e9ation dans un logement social du XI arr. de Paris<br \/>\n2013 : Soutien \u00e0 l&rsquo;\u00e9criture de documentaire de cr\u00e9ation, <a href=\"http:\/\/maisondelimage-bn.fr\/fondsAide\/projets\/projetsAides.php\">Maison de l&rsquo;Image Basse-Normandie<\/a><br \/>\n2012 : <a title=\"r\u00e9sidence amalgame\" href=\"http:\/\/www.frac-franche-comte.fr\/pages\/residence.php\" target=\"_blank\">R\u00e9sidence Amalgame<\/a>, en partenariat avec le Frac Franche-Comt\u00e9, Villers sur Port<br \/>\n2012 : Bourse d\u2019aide \u00e0 la cr\u00e9ation r\u00e9gion Nord-Pas-de-Calais<br \/>\n2011 : Bourse de 3 mois de la <a title=\"casa de velazquez\" href=\"http:\/\/www.casadevelazquez.org\/\" target=\"_blank\">Casa de Velazquez<\/a>, Madrid<br \/>\n2010 : R\u00e9sidence \u00e0 Huesca, Espagne, <a title=\"art4eu\" href=\"http:\/\/www.art4eu.net\/\" target=\"_blank\">P\u00e9pini\u00e8res europ\u00e9ennes pour jeunes artistes<\/a><br \/>\n2008-2009 : Aide \u00e0 la production, <a title=\"fundacio pilar i joan miro\" href=\"http:\/\/miro.palma.cat\/index.php?Idi=2&amp;Cod_fam=&amp;Cod_sub=\" target=\"_blank\">Fundaci\u00f3 Pilar i Joan Mir\u00f3<\/a><br \/>\n2006 : Bourse Colin Lefrancq<\/p>\n<p><a href=\"http:\/\/les-zateliers.blogspot.com\" target=\"_blank\">ATELIERS \/ WORKSHOPS<\/a><br \/>\n2020 : <a href=\"https:\/\/www.louvre.fr\/category\/categorie-de-manifestation\/evenement\/nocturne\" target=\"_blank\">Nocturnes au Louvre<\/a><br \/>\n2018 : Ateliers vid\u00e9o \u00e0 l&rsquo;IME de Saussure, Paris 17e<br \/>\n2018 : Ateliers arts-plastiques autour de l&rsquo;exposition Mondes Tsiganes, Mus\u00e9e de l\u2019Histoire de l\u2019Immigration<br \/>\n2018 : Ateliers classe \u00e0 Projet Artistique et Culturel, Paris 18e<br \/>\n2017 : C&rsquo;est mon patrimoine, Mus\u00e9e de l\u2019Histoire de l\u2019Immigration<br \/>\n2016 : \u00ab\u00a0Vivantes exquises\u00a0\u00bb avec le Palais de Tokyo et le Palais de la Femme<br \/>\n2016 : A-R-Toi, atelier vid\u00e9o, Montreuil<br \/>\n2016 : Les Portes du Temps, Mus\u00e9e de l\u2019Histoire de l\u2019Immigration<br \/>\n2015 : R\u00e9sidence mission de 5 semaines \u00e0 Saint Jean d\u2019Angely (17)<br \/>\n2014 : R\u00e9sidence mission A.R.T.S de 4 mois \u00e0 Cambrai<br \/>\n2013, 2014, 2015, 2016 : Ateliers classes \u00e0 Projet Artistique et Culturel, Ecole Maternelle Marx Dormoy, Paris 18e\u00a0et \u00e9cole maternelle Menimontant, Paris 20e.<br \/>\n2013 : Workshop Educlab avec les jeunes de la P.J.J (Palais de Tokyo)<br \/>\n2013 : Ateliers Arth\u00e9cimus \u00e0 la Maison Populaire de Montreuil<br \/>\n2013 : Atelier cin\u00e9ma au college Landowski , Boulogne-Billancourt.<br \/>\n2012 : Ateliers vid\u00e9os autour de M\u00e9li\u00e8s dans \u00e9cole et centre de loisir, Franche-Comt\u00e9<br \/>\n2008\/2009\/2010\/2011 : Ateliers audio-visuel pour enfants 6-12 ans, Maison Folie de Lille<br \/>\n2009 : Intervenante en milieu scolaire, r\u00e9alisation de films d\u2019animation (Montreuil)<br \/>\n2006 : Animation d\u2019ateliers musique pour jeunes personnes handicap\u00e9es mentales et de moyenne et faible\u00a0autonomie (UFCV)<br \/>\n2005-2006 : Labo photo \u00e0 l\u2019Espace Plein Ciel, H\u00f4pital Necker &#8211; Enfants Malades, Paris<br \/>\n2005-2008 : Animation en centre de loisirs de la ville de Paris, animation d\u2019ateliers audio- visuels, r\u00e9alisation de\u00a0films d\u2019animations et d\u2019enregistrements.<br \/>\n2002-2004 : Stagiaire \u00e0 Personimages, ateliers d\u2019Arts Plastiques et de musique pour personnes\u00a0handicape\u0301es mentales<\/p>\n<p><span style=\"font-weight: 300;\">COLLABORATIONS<\/span><\/p>\n<p><span style=\"font-weight: 300;\">2014 : Cr\u00e9ation de maquettes et vid\u00e9os pour la <\/span><a style=\"font-weight: 300;\" title=\"Plateau 31\" href=\"http:\/\/www.plateau31.com\/article247.html\" target=\"_blank\">pi\u00e8ce de th\u00e9\u00e2tre<\/a>\u00a0<em style=\"font-weight: 300;\">Kvetch<\/em><span style=\"font-weight: 300;\"> pour la Cie Sugar Baby.<\/span><br \/>\n<span style=\"font-weight: 300;\">2014 : <\/span><a style=\"font-weight: 300;\" href=\"http:\/\/groupe-laps.org\/projet\/vu-d-ici-une-ville-monde\" target=\"_blank\">\u00ab\u00a0Vu d&rsquo;ici\u00a0\u00bb avec le Groupe Laps, \u00e0 Aubervilliers.\u00a0<\/a><br \/>\n2013 : R\u00e9alisation de vid\u00e9os dans le cadre des <a href=\"http:\/\/danseradiophonique.wordpress.com\/\" target=\"_blank\">rendez-vous radiophoniques dans\u00e9s<\/a> de la <a href=\"http:\/\/www.cienadja.com\/\" target=\"_blank\">Cie Nadja<\/a><br \/>\n2012 : Audio-guide <a href=\"http:\/\/www.lyon-france.com\/Decouvrir-Lyon\/Culture-histoire\/Subs-Circuit-une-visite-poetique-d-un-lieu-atypique\">\u00ab\u00a0Subs-circuit\u00a0\u00bb<\/a> avec Fabrice M\u00e9tais, Les Subsistances, Lyon<\/p>\n<p>EDITION, PUBLICATIONS<br \/>\n2018 : <a href=\"http:\/\/www.apres-production.com\/edition_parant.htm\" target=\"_blank\">Un film de boules<\/a>, DVD, \u00e9ditions a.p.r.e.s<\/p>\n<p>COLLECTIONS<br \/>\n2018 : <a href=\"http:\/\/www.fassiatyvideofund.com\/index.php\/accueil\/presentation-des-artistes\/\" target=\"_blank\">Fonds de dotation Marc Fassiaty<\/a><\/p>\n<p>FORMATION<br \/>\n2009 : Dipl\u00f4me du <a title=\"le fresnoy\" href=\"http:\/\/www.lefresnoy.net\/\" target=\"_blank\">Fresnoy<\/a> \u2013 Studio National d\u2019Art Contemporain<br \/>\n2007 : Dipl\u00f4me National Sup\u00e9rieur d&rsquo;Arts Plastiques \u00e0 l\u2019<a title=\"ensba\" href=\"http:\/\/www.ensba.fr\/\" target=\"_blank\">ENSBA<\/a>, avec les f\u00e9licitations du jury<br \/>\n2006 : Echange aux Beaux Arts d\u2019Hanoi (Vietnam)<br \/>\n2005 : Dipl\u00f4me d\u2019Arts Plastiques \u00e0 l\u2019Ecole Nationale Sup\u00e9rieure des beaux-arts de Paris<br \/>\n2000 : Dipl\u00f4me de fin d\u2019\u00e9tudes musicales, mention bien, Conservatoire National de R\u00e9gion, Cergy<\/p>\n","protected":false},"excerpt":{"rendered":"<p>N\u00e9e en 1983 Vit et travaille \u00e0 Paris Artiste plasticienne dipl\u00f4m\u00e9e de l&rsquo;\u00e9cole Nationale Sup\u00e9rieure des Beaux Arts de Paris et du Fresnoy, Claire Glorieux travaille principalement la vid\u00e9o, s&rsquo;int\u00e9ressant particuli\u00e8rement au langage. L&rsquo;autisme, le langage siffl\u00e9 ou non verbal, &hellip; <a href=\"https:\/\/claireglorieux.com\/wordpress\/biographie\/\">Lire la suite <span class=\"meta-nav\">&rarr;<\/span><\/a><\/p>\n","protected":false},"author":1,"featured_media":0,"parent":0,"menu_order":0,"comment_status":"closed","ping_status":"closed","template":"PageClaire.php","meta":[],"_links":{"self":[{"href":"https:\/\/claireglorieux.com\/wordpress\/wp-json\/wp\/v2\/pages\/7"}],"collection":[{"href":"https:\/\/claireglorieux.com\/wordpress\/wp-json\/wp\/v2\/pages"}],"about":[{"href":"https:\/\/claireglorieux.com\/wordpress\/wp-json\/wp\/v2\/types\/page"}],"author":[{"embeddable":true,"href":"https:\/\/claireglorieux.com\/wordpress\/wp-json\/wp\/v2\/users\/1"}],"replies":[{"embeddable":true,"href":"https:\/\/claireglorieux.com\/wordpress\/wp-json\/wp\/v2\/comments?post=7"}],"version-history":[{"count":53,"href":"https:\/\/claireglorieux.com\/wordpress\/wp-json\/wp\/v2\/pages\/7\/revisions"}],"predecessor-version":[{"id":100,"href":"https:\/\/claireglorieux.com\/wordpress\/wp-json\/wp\/v2\/pages\/7\/revisions\/100"}],"wp:attachment":[{"href":"https:\/\/claireglorieux.com\/wordpress\/wp-json\/wp\/v2\/media?parent=7"}],"curies":[{"name":"wp","href":"https:\/\/api.w.org\/{rel}","templated":true}]}}